{"id":1550,"date":"2022-02-10T11:28:18","date_gmt":"2022-02-10T10:28:18","guid":{"rendered":"https:\/\/amazingsamuivilla.com\/samui-villa\/"},"modified":"2022-03-18T11:21:52","modified_gmt":"2022-03-18T10:21:52","slug":"samui-villa","status":"publish","type":"page","link":"https:\/\/amazingsamuivilla.com\/fr\/","title":{"rendered":"Samui Villa"},"content":{"rendered":"<section class=\"l-section wpb_row us_custom_4af741be height_medium full_height valign_center with_slider\"><div class=\"l-section-slider\"><div class=\"w-slider style_none fit_cover\"><div class=\"w-slider-h\"><div class=\"royalSlider\"><div class=\"rsContent\"><a class=\"rsImg\" data-rsw=\"1920\" data-rsh=\"1280\" href=\"https:\/\/amazingsamuivilla.com\/wp-content\/uploads\/2022\/02\/House-view-2.jpg\"><span data-alt=\"\"><\/span><\/a><\/div><div class=\"rsContent\"><a class=\"rsImg\" data-rsw=\"1536\" data-rsh=\"1024\" href=\"https:\/\/amazingsamuivilla.com\/wp-content\/uploads\/2022\/02\/House-from-pool-3.jpg\"><span data-alt=\"\"><\/span><\/a><\/div><div class=\"rsContent\"><a class=\"rsImg\" data-rsw=\"1600\" data-rsh=\"1200\" href=\"https:\/\/amazingsamuivilla.com\/wp-content\/uploads\/2022\/02\/Pool1-1.jpg\"><span data-alt=\"\"><\/span><\/a><\/div><div class=\"rsContent\"><a class=\"rsImg\" data-rsw=\"1920\" data-rsh=\"1440\" href=\"https:\/\/amazingsamuivilla.com\/wp-content\/uploads\/2022\/02\/sunset-1.jpg\"><span data-alt=\"\"><\/span><\/a><\/div><\/div><img decoding=\"async\" src=\"https:\/\/amazingsamuivilla.com\/wp-content\/uploads\/2022\/02\/House-view-2.jpg\" width=\"1920\" height=\"1280\" alt loading=\"lazy\"><\/div><div class=\"w-slider-json\" onclick='return {&quot;autoScaleSlider&quot;:true,&quot;loop&quot;:true,&quot;fadeInLoadedSlide&quot;:false,&quot;slidesSpacing&quot;:0,&quot;imageScalePadding&quot;:0,&quot;numImagesToPreload&quot;:2,&quot;arrowsNav&quot;:false,&quot;arrowsNavAutoHide&quot;:false,&quot;transitionType&quot;:&quot;fade&quot;,&quot;transitionSpeed&quot;:1000,&quot;block&quot;:{&quot;moveEffect&quot;:&quot;none&quot;,&quot;speed&quot;:300},&quot;thumbs&quot;:{&quot;fitInViewport&quot;:false},&quot;controlNavigation&quot;:&quot;none&quot;,&quot;autoplay&quot;:{&quot;enabled&quot;:true,&quot;pauseOnHover&quot;:false,&quot;delay&quot;:4000},&quot;imageScaleMode&quot;:&quot;fill&quot;,&quot;autoScaleSliderWidth&quot;:1920,&quot;autoScaleSliderHeight&quot;:1280}'><\/div><\/div><\/div><div class=\"l-section-overlay\" style=\"background:rgba(0,0,0,0.20)\"><\/div><div class=\"l-section-h i-cf\"><div class=\"g-cols vc_row via_grid cols_1 laptops-cols_inherit tablets-cols_inherit mobiles-cols_1 valign_middle type_default stacking_default\"><div class=\"wpb_column vc_column_container\"><div class=\"vc_column-inner\"><div class=\"w-vwrapper us_custom_3276d1e3 align_center valign_top\" style=\"--vwrapper-gap:1rem\">[vc_custom_heading text=\u00a0\u00bbVos vacances, notre hospitalit\u00e9\u00a0\u00bb font_container=\u00a0\u00bbtag:h1|text_align:center\u00a0\u00bb use_theme_fonts=\u00a0\u00bbyes\u00a0\u00bb css=\u00a0\u00bb%7B%22default%22%3A%7B%22color%22%3A%22%23ffffff%22%2C%22margin-top%22%3A%222rem%22%2C%22margin-bottom%22%3A%220%22%2C%22padding-bottom%22%3A%221rem%22%7D%7D\u00a0\u00bb][vc_custom_heading text=\u00a0\u00bb-Un match parfait\u00a0\u00bb font_container=\u00a0\u00bbtag:h3|text_align:center\u00a0\u00bb use_theme_fonts=\u00a0\u00bbyes\u00a0\u00bb css=\u00a0\u00bb%7B%22default%22%3A%7B%22color%22%3A%22%23ffffff%22%2C%22margin-top%22%3A%220%22%2C%22padding-top%22%3A%220%22%7D%7D\u00a0\u00bb]<div class=\"w-hwrapper us_custom_441da2b2 align_center valign_top wrap\" style=\"--hwrapper-gap:3rem\"><div class=\"w-btn-wrapper align_center\"><a class=\"w-btn us-btn-style_4 us_custom_1f917b3b icon_atleft\" title=\"Installations\" href=\"https:\/\/amazingsamuivilla.com\/fr\/installations\/\"><i class=\"fas fa-arrow-right\"><\/i><span class=\"w-btn-label\">En savoir plus<\/span><\/a><\/div><div class=\"w-btn-wrapper align_center\"><a class=\"w-btn us-btn-style_4 us_custom_4f24afa8 icon_atleft\" title=\"Demander une offre\" href=\"https:\/\/amazingsamuivilla.com\/verfuegbarkeit\/\"><i class=\"fas fa-arrow-right\"><\/i><span class=\"w-btn-label\">Demander une offre<\/span><\/a><\/div><\/div><\/div><\/div><\/div><\/div><\/div><\/section><section class=\"l-section wpb_row us_custom_10679678 height_auto\"><div class=\"l-section-h i-cf\"><div class=\"g-cols vc_row via_grid cols_1 laptops-cols_inherit tablets-cols_inherit mobiles-cols_1 valign_top type_default stacking_default\"><div class=\"wpb_column vc_column_container\"><div class=\"vc_column-inner\"><div class=\"w-vwrapper align_center valign_top\"><h1 class=\"w-text\"><span class=\"w-text-h\"><span class=\"w-text-value\">Samui Villa<\/span><\/span><\/h1><div class=\"w-image align_none\"><div class=\"w-image-h\"><img loading=\"lazy\" decoding=\"async\" width=\"150\" height=\"34\" src=\"https:\/\/amazingsamuivilla.com\/wp-content\/uploads\/2022\/02\/divider.png\" class=\"attachment-large size-large\" alt=\"\" \/><\/div><\/div><div class=\"w-text\"><span class=\"w-text-h\"><span class=\"w-text-value\">Bienvenue \u00e0 la villa de vacances \u201cBaan Lom Talay\u201c.<\/span><\/span><\/div><\/div><\/div><\/div><\/div><\/div><\/section><section class=\"l-section wpb_row height_medium width_full\"><div class=\"l-section-h i-cf\"><div class=\"g-cols vc_row via_grid cols_1 laptops-cols_inherit tablets-cols_inherit mobiles-cols_1 valign_top type_default stacking_default\"><div class=\"wpb_column vc_column_container\"><div class=\"vc_column-inner\"><div class=\"wpb_text_column\"><div class=\"wpb_wrapper\"><div id=\"envira-gallery-wrap-1018\" class=\"envira-gallery-wrap envira-gallery-theme-base envira-lightbox-theme-base\" itemscope itemtype=\"https:\/\/schema.org\/ImageGallery\"><div data-row-height=\"\" data-gallery-theme=\"\" id=\"envira-gallery-1018\" class=\"envira-gallery-public  envira-gallery-4-columns envira-clear enviratope envira-gallery-css-animations\" data-envira-columns=\"4\"><div id=\"envira-gallery-item-1231\" class=\"envira-gallery-item enviratope-item envira-gallery-item-1 envira-lazy-load\" style=\"padding-left: 5px; padding-bottom: 10px; padding-right: 5px;\"  itemscope itemtype=\"https:\/\/schema.org\/ImageObject\"><div class=\"envira-gallery-item-inner\"><div class=\"envira-gallery-position-overlay  envira-gallery-top-left\"><\/div><div class=\"envira-gallery-position-overlay  envira-gallery-top-right\"><\/div><div class=\"envira-gallery-position-overlay  envira-gallery-bottom-left\"><\/div><div class=\"envira-gallery-position-overlay  envira-gallery-bottom-right\"><\/div><a href=\"https:\/\/amazingsamuivilla.com\/wp-content\/uploads\/2022\/02\/House-view-1.jpg\" class=\"envira-gallery-1018 envira-gallery-link\" rel=\"enviragallery1018\" title=\"House view\" data-envira-caption=\"House view\" data-envira-retina=\"\" data-thumbnail=\"\"  itemprop=\"contentUrl\"><div class=\"envira-lazy\" data-test-width=\"640\" data-test-height=\"480\" style=\"padding-bottom:75%;\"><img decoding=\"async\" id=\"envira-gallery-image-1231\" class=\"envira-gallery-image envira-gallery-image-1\" data-envira-index=\"1\" src=\"https:\/\/amazingsamuivilla.com\/wp-content\/uploads\/2022\/02\/House-view-1-1024x683-640x480.jpg\" data-envira-src=\"https:\/\/amazingsamuivilla.com\/wp-content\/uploads\/2022\/02\/House-view-1-1024x683-640x480.jpg\" data-envira-gallery-id=\"1018\" data-envira-item-id=\"1231\" data-envira-caption=\"House view\" alt=\"\" title=\"House view\"  itemprop=\"thumbnailUrl\" data-envira-srcset=\"https:\/\/amazingsamuivilla.com\/wp-content\/uploads\/2022\/02\/House-view-1-1024x683-640x480.jpg 400w,https:\/\/amazingsamuivilla.com\/wp-content\/uploads\/2022\/02\/House-view-1-1024x683-640x480.jpg 2x\" srcset=\"data:image\/gif;base64,R0lGODlhAQABAIAAAP\/\/\/\/\/\/\/yH5BAEKAAEALAAAAAABAAEAAAICTAEAOw==\" \/><\/div><\/a><\/div><\/div><div id=\"envira-gallery-item-1241\" class=\"envira-gallery-item enviratope-item envira-gallery-item-2 envira-lazy-load\" style=\"padding-left: 5px; padding-bottom: 10px; padding-right: 5px;\"  itemscope itemtype=\"https:\/\/schema.org\/ImageObject\"><div class=\"envira-gallery-item-inner\"><div class=\"envira-gallery-position-overlay  envira-gallery-top-left\"><\/div><div class=\"envira-gallery-position-overlay  envira-gallery-top-right\"><\/div><div class=\"envira-gallery-position-overlay  envira-gallery-bottom-left\"><\/div><div class=\"envira-gallery-position-overlay  envira-gallery-bottom-right\"><\/div><a href=\"https:\/\/amazingsamuivilla.com\/wp-content\/uploads\/2022\/02\/IMG_2063-1.jpg\" class=\"envira-gallery-1018 envira-gallery-link\" rel=\"enviragallery1018\" title=\"Bedroom\" data-envira-caption=\"Bedroom\" data-envira-retina=\"\" data-thumbnail=\"\"  itemprop=\"contentUrl\"><div class=\"envira-lazy\" data-test-width=\"640\" data-test-height=\"480\" style=\"padding-bottom:75%;\"><img decoding=\"async\" id=\"envira-gallery-image-1241\" class=\"envira-gallery-image envira-gallery-image-2\" data-envira-index=\"2\" src=\"https:\/\/amazingsamuivilla.com\/wp-content\/uploads\/2022\/02\/IMG_2063-1-1024x683-640x480.jpg\" data-envira-src=\"https:\/\/amazingsamuivilla.com\/wp-content\/uploads\/2022\/02\/IMG_2063-1-1024x683-640x480.jpg\" data-envira-gallery-id=\"1018\" data-envira-item-id=\"1241\" data-envira-caption=\"Bedroom\" alt=\"\" title=\"Bedroom\"  itemprop=\"thumbnailUrl\" data-envira-srcset=\"https:\/\/amazingsamuivilla.com\/wp-content\/uploads\/2022\/02\/IMG_2063-1-1024x683-640x480.jpg 400w,https:\/\/amazingsamuivilla.com\/wp-content\/uploads\/2022\/02\/IMG_2063-1-1024x683-640x480.jpg 2x\" srcset=\"data:image\/gif;base64,R0lGODlhAQABAIAAAP\/\/\/\/\/\/\/yH5BAEKAAEALAAAAAABAAEAAAICTAEAOw==\" \/><\/div><\/a><\/div><\/div><div id=\"envira-gallery-item-1086\" class=\"envira-gallery-item enviratope-item envira-gallery-item-3 envira-lazy-load\" style=\"padding-left: 5px; padding-bottom: 10px; padding-right: 5px;\"  itemscope itemtype=\"https:\/\/schema.org\/ImageObject\"><div class=\"envira-gallery-item-inner\"><div class=\"envira-gallery-position-overlay  envira-gallery-top-left\"><\/div><div class=\"envira-gallery-position-overlay  envira-gallery-top-right\"><\/div><div class=\"envira-gallery-position-overlay  envira-gallery-bottom-left\"><\/div><div class=\"envira-gallery-position-overlay  envira-gallery-bottom-right\"><\/div><a href=\"https:\/\/amazingsamuivilla.com\/wp-content\/uploads\/2022\/02\/House-from-pool-1.jpg\" class=\"envira-gallery-1018 envira-gallery-link\" rel=\"enviragallery1018\" title=\"House from pool\" data-envira-caption=\"House from pool\" data-envira-retina=\"\" data-thumbnail=\"\"  itemprop=\"contentUrl\"><div class=\"envira-lazy\" data-test-width=\"640\" data-test-height=\"480\" style=\"padding-bottom:75%;\"><img decoding=\"async\" id=\"envira-gallery-image-1086\" class=\"envira-gallery-image envira-gallery-image-3\" data-envira-index=\"3\" src=\"https:\/\/amazingsamuivilla.com\/wp-content\/uploads\/2022\/02\/House-from-pool-1-1024x683-640x480.jpg\" data-envira-src=\"https:\/\/amazingsamuivilla.com\/wp-content\/uploads\/2022\/02\/House-from-pool-1-1024x683-640x480.jpg\" data-envira-gallery-id=\"1018\" data-envira-item-id=\"1086\" data-envira-caption=\"House from pool\" alt=\"\" title=\"House from pool\"  itemprop=\"thumbnailUrl\" data-envira-srcset=\"https:\/\/amazingsamuivilla.com\/wp-content\/uploads\/2022\/02\/House-from-pool-1-1024x683-640x480.jpg 400w,https:\/\/amazingsamuivilla.com\/wp-content\/uploads\/2022\/02\/House-from-pool-1-1024x683-640x480.jpg 2x\" srcset=\"data:image\/gif;base64,R0lGODlhAQABAIAAAP\/\/\/\/\/\/\/yH5BAEKAAEALAAAAAABAAEAAAICTAEAOw==\" \/><\/div><\/a><\/div><\/div><div id=\"envira-gallery-item-1106\" class=\"envira-gallery-item enviratope-item envira-gallery-item-4 envira-lazy-load\" style=\"padding-left: 5px; padding-bottom: 10px; padding-right: 5px;\"  itemscope itemtype=\"https:\/\/schema.org\/ImageObject\"><div class=\"envira-gallery-item-inner\"><div class=\"envira-gallery-position-overlay  envira-gallery-top-left\"><\/div><div class=\"envira-gallery-position-overlay  envira-gallery-top-right\"><\/div><div class=\"envira-gallery-position-overlay  envira-gallery-bottom-left\"><\/div><div class=\"envira-gallery-position-overlay  envira-gallery-bottom-right\"><\/div><a href=\"https:\/\/amazingsamuivilla.com\/wp-content\/uploads\/2022\/02\/Sala.jpg\" class=\"envira-gallery-1018 envira-gallery-link\" rel=\"enviragallery1018\" title=\"Sala\" data-envira-caption=\"Sala\" data-envira-retina=\"\" data-thumbnail=\"\"  itemprop=\"contentUrl\"><div class=\"envira-lazy\" data-test-width=\"640\" data-test-height=\"480\" style=\"padding-bottom:75%;\"><img decoding=\"async\" id=\"envira-gallery-image-1106\" class=\"envira-gallery-image envira-gallery-image-4\" data-envira-index=\"4\" src=\"https:\/\/amazingsamuivilla.com\/wp-content\/uploads\/2022\/02\/Sala-1024x683-640x480.jpg\" data-envira-src=\"https:\/\/amazingsamuivilla.com\/wp-content\/uploads\/2022\/02\/Sala-1024x683-640x480.jpg\" data-envira-gallery-id=\"1018\" data-envira-item-id=\"1106\" data-envira-caption=\"Sala\" alt=\"\" title=\"Sala\"  itemprop=\"thumbnailUrl\" data-envira-srcset=\"https:\/\/amazingsamuivilla.com\/wp-content\/uploads\/2022\/02\/Sala-1024x683-640x480.jpg 400w,https:\/\/amazingsamuivilla.com\/wp-content\/uploads\/2022\/02\/Sala-1024x683-640x480.jpg 2x\" srcset=\"data:image\/gif;base64,R0lGODlhAQABAIAAAP\/\/\/\/\/\/\/yH5BAEKAAEALAAAAAABAAEAAAICTAEAOw==\" \/><\/div><\/a><\/div><\/div><\/div><\/div><noscript><img decoding=\"async\" src=\"https:\/\/amazingsamuivilla.com\/wp-content\/uploads\/2022\/02\/House-view-1.jpg\" alt=\"\" \/><img decoding=\"async\" src=\"https:\/\/amazingsamuivilla.com\/wp-content\/uploads\/2022\/02\/IMG_2063-1.jpg\" alt=\"\" \/><img decoding=\"async\" src=\"https:\/\/amazingsamuivilla.com\/wp-content\/uploads\/2022\/02\/House-from-pool-1.jpg\" alt=\"\" \/><img decoding=\"async\" src=\"https:\/\/amazingsamuivilla.com\/wp-content\/uploads\/2022\/02\/Sala.jpg\" alt=\"\" \/><\/noscript>\n<\/div><\/div><div class=\"w-vwrapper align_center valign_top\"><div class=\"w-text\"><span class=\"w-text-h\"><span class=\"w-text-value\">Hier, vous pouvez trouver plus de photos<\/span><\/span><\/div><div class=\"w-btn-wrapper align_none\"><a class=\"w-btn us-btn-style_2 icon_atleft\" title=\"Galerie\" href=\"https:\/\/amazingsamuivilla.com\/fr\/galerie\/\"><i class=\"fas fa-arrow-right\"><\/i><span class=\"w-btn-label\">Voir la galerie de photos<\/span><\/a><\/div><\/div><\/div><\/div><\/div><\/div><\/section><section class=\"l-section wpb_row us_custom_03787856 height_auto\"><div class=\"l-section-overlay\" style=\"background:var(--color-alt-content-overlay)\"><\/div><div class=\"l-section-h i-cf\"><div class=\"g-cols vc_row via_grid cols_2 laptops-cols_inherit tablets-cols_inherit mobiles-cols_1 valign_top type_default stacking_default\"><div class=\"wpb_column vc_column_container us_custom_a5f6d048\"><div class=\"vc_column-inner\"><div class=\"w-vwrapper align_center valign_top\"><h3 class=\"w-text\"><span class=\"w-text-h\"><span class=\"w-text-value\">Baam Lom Talay &#8211; Position<\/span><\/span><\/h3><div class=\"wpb_text_column us_custom_6e38d35f\"><div class=\"wpb_wrapper\"><p style=\"text-align: center;\">La villa de vacances est situ\u00e9e au nord-est au niveau de l&rsquo;\u00eele tha\u00efe de Koh Samui. Une vue sp\u00e9ctaculaire sur mer des trois fa\u00e7ades vous est garantie, du lever jusqu&rsquo;au coucher du soleil, gr\u00e2ce a son emplacement sur une colline de 50 m de haut.<\/p>\n<p style=\"text-align: center;\">Nous avons une fa\u00e7on unique de r\u00e9pondre \u00e0 vos attentes aventureuses!<\/p>\n<\/div><\/div><div class=\"w-btn-wrapper align_none\"><a class=\"w-btn us-btn-style_3\" title=\"Installations\" href=\"https:\/\/amazingsamuivilla.com\/fr\/installations\/\"><span class=\"w-btn-label\">D\u00e9couvrir<\/span><\/a><\/div><\/div><\/div><\/div><div class=\"wpb_column vc_column_container us_custom_cfb84dce hide_on_tablets hide_on_mobiles has_bg_color stretched\"><div class=\"vc_column-inner\"><\/div><\/div><\/div><\/div><\/section><section class=\"l-section wpb_row us_custom_d75d43b0 height_medium\"><div class=\"l-section-overlay\" style=\"background:rgba(0,0,0,0.6)\"><\/div><div class=\"l-section-h i-cf\"><div class=\"g-cols vc_row via_grid cols_1 laptops-cols_inherit tablets-cols_inherit mobiles-cols_1 valign_top type_default stacking_default\"><div class=\"wpb_column vc_column_container\"><div class=\"vc_column-inner\"><div class=\"w-hwrapper align_center valign_middle\"><div class=\"w-text us_custom_ad1c3f4b has_text_color icon_atleft\"><span class=\"w-text-h\"><i class=\"far fa-medal\"><\/i><span class=\"w-text-value\"><\/span><\/span><\/div><h3 class=\"w-text\"><span class=\"w-text-h\"><span class=\"w-text-value\">nous pouvons venir vous chercher (service payant)<\/span><\/span><\/h3><\/div><\/div><\/div><\/div><\/div><\/section><section class=\"l-section wpb_row us_custom_746fa127 height_auto\"><div class=\"l-section-overlay\" style=\"background:var(--color-content-overlay)\"><\/div><div class=\"l-section-h i-cf\"><div class=\"g-cols vc_row via_grid cols_2 laptops-cols_inherit tablets-cols_inherit mobiles-cols_1 valign_middle type_default stacking_default\" style=\"grid-gap:0;\"><div class=\"wpb_column vc_column_container\"><div class=\"vc_column-inner\"><div class=\"w-vwrapper us_custom_938809ae align_center valign_middle\" style=\"--vwrapper-gap:1.5rem\"><h3 class=\"w-text\"><span class=\"w-text-h\"><span class=\"w-text-value\">Int\u00e9ress\u00e9?<\/span><\/span><\/h3><div class=\"w-btn-wrapper align_none\"><a class=\"w-btn us-btn-style_3 icon_atleft\" title=\"Disponibilit\u00e9\" href=\"https:\/\/amazingsamuivilla.com\/verfuegbarkeit\/\"><i class=\"fas fa-arrow-right\"><\/i><span class=\"w-btn-label\">Demander une offre<\/span><\/a><\/div><\/div><\/div><\/div><div class=\"wpb_column vc_column_container\"><div class=\"vc_column-inner\"><div class=\"w-vwrapper us_custom_938809ae align_center valign_middle\" style=\"--vwrapper-gap:1.5rem\"><h3 class=\"w-text\"><span class=\"w-text-h\"><span class=\"w-text-value\">Activit\u00e9s autour de la villa<\/span><\/span><\/h3><div class=\"w-btn-wrapper align_none\"><a class=\"w-btn us-btn-style_3 icon_atleft\" title=\"Excursions\" href=\"https:\/\/amazingsamuivilla.com\/fr\/excursions\/\"><i class=\"fas fa-arrow-right\"><\/i><span class=\"w-btn-label\">d\u00e9couvrir les activit\u00e9s<\/span><\/a><\/div><\/div><\/div><\/div><\/div><\/div><\/section><section class=\"l-section wpb_row height_auto width_full\"><div class=\"l-section-h i-cf\"><div class=\"g-cols vc_row via_grid cols_1 laptops-cols_inherit tablets-cols_inherit mobiles-cols_1 valign_top type_default stacking_default\"><div class=\"wpb_column vc_column_container\"><div class=\"vc_column-inner\"><section class=\"l-section wpb_row us_custom_4af741be height_auto width_full\"><div class=\"l-section-h i-cf\"><div class=\"g-cols vc_row via_grid cols_1 laptops-cols_inherit tablets-cols_inherit mobiles-cols_1 valign_top type_default stacking_default\"><div class=\"wpb_column vc_column_container\"><div class=\"vc_column-inner\"><div class=\"w-map provider_osm\" id=\"us_map_1\"><div class=\"w-map-inner\"><div class=\"w-map-json\" onclick='return {&quot;address&quot;:&quot;9.588699028037095,100.07165992097566&quot;,&quot;disableDragging&quot;:0,&quot;disableZoom&quot;:0,&quot;hideControls&quot;:0,&quot;zoom&quot;:11,&quot;markers&quot;:[{&quot;address&quot;:&quot;9.588699028037095,100.07165992097566&quot;,&quot;html&quot;:&quot;&quot;,&quot;infowindow&quot;:0}],&quot;style&quot;:&quot;https:\\\/\\\/server.arcgisonline.com\\\/ArcGIS\\\/rest\\\/services\\\/World_Imagery\\\/MapServer\\\/tile\\\/{z}\\\/{y}\\\/{x}&quot;}'><\/div><\/div><\/div><\/div><\/div><\/div><\/div><\/section>\n<\/div><\/div><\/div><\/div><\/section>\n","protected":false},"excerpt":{"rendered":"[vc_custom_heading text=\"Vos vacances, notre hospitalit\u00e9\" font_container=\"tag:h1|text_align:center\" use_theme_fonts=\"yes\" css=\"%7B%22default%22%3A%7B%22color%22%3A%22%23ffffff%22%2C%22margin-top%22%3A%222rem%22%2C%22margin-bottom%22%3A%220%22%2C%22padding-bottom%22%3A%221rem%22%7D%7D\"][vc_custom_heading text=\"-Un match parfait\" font_container=\"tag:h3|text_align:center\" use_theme_fonts=\"yes\" css=\"%7B%22default%22%3A%7B%22color%22%3A%22%23ffffff%22%2C%22margin-top%22%3A%220%22%2C%22padding-top%22%3A%220%22%7D%7D\"]En savoir plusDemander une offreSamui VillaBienvenue \u00e0 la villa de vacances \u201cBaan Lom Talay\u201c. Hier, vous pouvez trouver plus de photosVoir la galerie de photosBaam Lom Talay &#8211; PositionLa villa de vacances est situ\u00e9e au nord-est au niveau de l&rsquo;\u00eele tha\u00efe de...","protected":false},"author":1,"featured_media":0,"parent":0,"menu_order":0,"comment_status":"closed","ping_status":"closed","template":"","meta":{"footnotes":""},"class_list":["post-1550","page","type-page","status-publish","hentry"],"yoast_head":"<!-- This site is optimized with the Yoast SEO plugin v22.4 - https:\/\/yoast.com\/wordpress\/plugins\/seo\/ -->\n<title>Samui Villa - Samui Villa<\/title>\n<meta name=\"robots\" content=\"index, follow, max-snippet:-1, max-image-preview:large, max-video-preview:-1\" \/>\n<link rel=\"canonical\" href=\"https:\/\/amazingsamuivilla.com\/fr\/\" \/>\n<meta property=\"og:locale\" content=\"fr_FR\" \/>\n<meta property=\"og:type\" content=\"article\" \/>\n<meta property=\"og:title\" content=\"Samui Villa - Samui Villa\" \/>\n<meta property=\"og:url\" content=\"https:\/\/amazingsamuivilla.com\/fr\/\" \/>\n<meta property=\"og:site_name\" content=\"Samui Villa\" \/>\n<meta property=\"article:modified_time\" content=\"2022-03-18T10:21:52+00:00\" \/>\n<meta property=\"og:image\" content=\"https:\/\/amazingsamuivilla.com\/wp-content\/uploads\/2022\/06\/IMG_1370-1.jpg\" \/>\n\t<meta property=\"og:image:width\" content=\"1920\" \/>\n\t<meta property=\"og:image:height\" content=\"1440\" \/>\n\t<meta property=\"og:image:type\" content=\"image\/jpeg\" \/>\n<meta name=\"twitter:card\" content=\"summary_large_image\" \/>\n<meta name=\"twitter:label1\" content=\"Dur\u00e9e de lecture estim\u00e9e\" \/>\n\t<meta name=\"twitter:data1\" content=\"7 minutes\" \/>\n<script type=\"application\/ld+json\" class=\"yoast-schema-graph\">{\"@context\":\"https:\/\/schema.org\",\"@graph\":[{\"@type\":\"WebPage\",\"@id\":\"https:\/\/amazingsamuivilla.com\/fr\/\",\"url\":\"https:\/\/amazingsamuivilla.com\/fr\/\",\"name\":\"Samui Villa - Samui Villa\",\"isPartOf\":{\"@id\":\"https:\/\/amazingsamuivilla.com\/fr\/#website\"},\"datePublished\":\"2022-02-10T10:28:18+00:00\",\"dateModified\":\"2022-03-18T10:21:52+00:00\",\"breadcrumb\":{\"@id\":\"https:\/\/amazingsamuivilla.com\/fr\/#breadcrumb\"},\"inLanguage\":\"fr-FR\",\"potentialAction\":[{\"@type\":\"ReadAction\",\"target\":[\"https:\/\/amazingsamuivilla.com\/fr\/\"]}]},{\"@type\":\"BreadcrumbList\",\"@id\":\"https:\/\/amazingsamuivilla.com\/fr\/#breadcrumb\",\"itemListElement\":[{\"@type\":\"ListItem\",\"position\":1,\"name\":\"Startseite\",\"item\":\"https:\/\/amazingsamuivilla.com\/fr\/\"},{\"@type\":\"ListItem\",\"position\":2,\"name\":\"Samui Villa\"}]},{\"@type\":\"WebSite\",\"@id\":\"https:\/\/amazingsamuivilla.com\/fr\/#website\",\"url\":\"https:\/\/amazingsamuivilla.com\/fr\/\",\"name\":\"Samui Villa\",\"description\":\"Eine weitere WordPress-Website\",\"potentialAction\":[{\"@type\":\"SearchAction\",\"target\":{\"@type\":\"EntryPoint\",\"urlTemplate\":\"https:\/\/amazingsamuivilla.com\/fr\/?s={search_term_string}\"},\"query-input\":\"required name=search_term_string\"}],\"inLanguage\":\"fr-FR\"}]}<\/script>\n<!-- \/ Yoast SEO plugin. -->","yoast_head_json":{"title":"Samui Villa - Samui Villa","robots":{"index":"index","follow":"follow","max-snippet":"max-snippet:-1","max-image-preview":"max-image-preview:large","max-video-preview":"max-video-preview:-1"},"canonical":"https:\/\/amazingsamuivilla.com\/fr\/","og_locale":"fr_FR","og_type":"article","og_title":"Samui Villa - Samui Villa","og_url":"https:\/\/amazingsamuivilla.com\/fr\/","og_site_name":"Samui Villa","article_modified_time":"2022-03-18T10:21:52+00:00","og_image":[{"width":1920,"height":1440,"url":"https:\/\/amazingsamuivilla.com\/wp-content\/uploads\/2022\/06\/IMG_1370-1.jpg","type":"image\/jpeg"}],"twitter_card":"summary_large_image","twitter_misc":{"Dur\u00e9e de lecture estim\u00e9e":"7 minutes"},"schema":{"@context":"https:\/\/schema.org","@graph":[{"@type":"WebPage","@id":"https:\/\/amazingsamuivilla.com\/fr\/","url":"https:\/\/amazingsamuivilla.com\/fr\/","name":"Samui Villa - Samui Villa","isPartOf":{"@id":"https:\/\/amazingsamuivilla.com\/fr\/#website"},"datePublished":"2022-02-10T10:28:18+00:00","dateModified":"2022-03-18T10:21:52+00:00","breadcrumb":{"@id":"https:\/\/amazingsamuivilla.com\/fr\/#breadcrumb"},"inLanguage":"fr-FR","potentialAction":[{"@type":"ReadAction","target":["https:\/\/amazingsamuivilla.com\/fr\/"]}]},{"@type":"BreadcrumbList","@id":"https:\/\/amazingsamuivilla.com\/fr\/#breadcrumb","itemListElement":[{"@type":"ListItem","position":1,"name":"Startseite","item":"https:\/\/amazingsamuivilla.com\/fr\/"},{"@type":"ListItem","position":2,"name":"Samui Villa"}]},{"@type":"WebSite","@id":"https:\/\/amazingsamuivilla.com\/fr\/#website","url":"https:\/\/amazingsamuivilla.com\/fr\/","name":"Samui Villa","description":"Eine weitere WordPress-Website","potentialAction":[{"@type":"SearchAction","target":{"@type":"EntryPoint","urlTemplate":"https:\/\/amazingsamuivilla.com\/fr\/?s={search_term_string}"},"query-input":"required name=search_term_string"}],"inLanguage":"fr-FR"}]}},"_links":{"self":[{"href":"https:\/\/amazingsamuivilla.com\/fr\/wp-json\/wp\/v2\/pages\/1550","targetHints":{"allow":["GET"]}}],"collection":[{"href":"https:\/\/amazingsamuivilla.com\/fr\/wp-json\/wp\/v2\/pages"}],"about":[{"href":"https:\/\/amazingsamuivilla.com\/fr\/wp-json\/wp\/v2\/types\/page"}],"author":[{"embeddable":true,"href":"https:\/\/amazingsamuivilla.com\/fr\/wp-json\/wp\/v2\/users\/1"}],"replies":[{"embeddable":true,"href":"https:\/\/amazingsamuivilla.com\/fr\/wp-json\/wp\/v2\/comments?post=1550"}],"version-history":[{"count":2,"href":"https:\/\/amazingsamuivilla.com\/fr\/wp-json\/wp\/v2\/pages\/1550\/revisions"}],"predecessor-version":[{"id":1552,"href":"https:\/\/amazingsamuivilla.com\/fr\/wp-json\/wp\/v2\/pages\/1550\/revisions\/1552"}],"wp:attachment":[{"href":"https:\/\/amazingsamuivilla.com\/fr\/wp-json\/wp\/v2\/media?parent=1550"}],"curies":[{"name":"wp","href":"https:\/\/api.w.org\/{rel}","templated":true}]}}