{"id":1547,"date":"2022-02-14T09:25:02","date_gmt":"2022-02-14T08:25:02","guid":{"rendered":"https:\/\/amazingsamuivilla.com\/prix\/"},"modified":"2022-03-18T11:07:43","modified_gmt":"2022-03-18T10:07:43","slug":"prix","status":"publish","type":"page","link":"https:\/\/amazingsamuivilla.com\/fr\/prix\/","title":{"rendered":"Prix"},"content":{"rendered":"<section class=\"l-section wpb_row us_custom_c92c757e height_medium\"><div class=\"l-section-h i-cf\"><div class=\"g-cols vc_row via_grid cols_1 laptops-cols_inherit tablets-cols_inherit mobiles-cols_1 valign_top type_default stacking_default\"><div class=\"wpb_column vc_column_container us_custom_8535c5f4\"><div class=\"vc_column-inner\"><div class=\"wpb_text_column us_custom_8535c5f4\"><div class=\"wpb_wrapper\"><p>Les prix sont par nuit pour 2 personnes et varient entre 110 \u20ac en basse saison et 225 \u20ac en haute saison.<br \/>\nPour chaque adulte suppl\u00e9mentaire, une somme de 20\u20ac\/nuit serait ajout\u00e9e, et 15\u20ac\/nuit pour chaque enfant (jusqu&rsquo;\u00e0 16 ans).<\/p>\n<p>S\u00e9jour minimum 3 nuits. Le nettoyage final co\u00fbte 80 Euros par s\u00e9jour.<br \/>\nPas de f\u00eates, d&rsquo;enterrements de vie de gar\u00e7on ou quoi que ce soit du genre.<\/p>\n<p>Veuillez demander le prix valable dans la p\u00e9riode souhait\u00e9e par e-mail.<\/p>\n<\/div><\/div><div class=\"w-hwrapper us_custom_cdf14ffd align_center valign_top\"><div class=\"w-btn-wrapper align_none\"><a class=\"w-btn us-btn-style_1\" title=\"Excursions\" href=\"https:\/\/amazingsamuivilla.com\/verfuegbarkeit\/\"><span class=\"w-btn-label\">demande de prix<\/span><\/a><\/div><\/div><\/div><\/div><\/div><\/div><\/section><section class=\"l-section wpb_row us_custom_c70c97eb height_medium\"><div class=\"l-section-overlay\" style=\"background:rgba(255,255,255,0.60)\"><\/div><div class=\"l-section-h i-cf\"><div class=\"g-cols vc_row via_grid cols_2 laptops-cols_inherit tablets-cols_inherit mobiles-cols_1 valign_middle type_default stacking_default\"><div class=\"wpb_column vc_column_container us_custom_a3dda067\"><div class=\"vc_column-inner\"><div class=\"wpb_text_column us_custom_eb849559\"><div class=\"wpb_wrapper\"><h2>Les prix propos\u00e9s<br \/>\ncomprennent:<\/h2>\n<\/div><\/div><\/div><\/div><div class=\"wpb_column vc_column_container us_custom_a3dda067\"><div class=\"vc_column-inner\"><div class=\"w-vwrapper align_none valign_middle\" style=\"--vwrapper-gap:2rem\"><div class=\"w-hwrapper align_none valign_top\"><div class=\"w-text us_custom_92d7e6b4 has_text_color icon_atleft\"><span class=\"w-text-h\"><i class=\"fas fa-check-circle\"><\/i><span class=\"w-text-value\"><\/span><\/span><\/div><div class=\"wpb_text_column us_custom_a16392b1\"><div class=\"wpb_wrapper\"><p>Les installations d&rsquo;eau, changement de linge (linge de lit, linge de table, serviettes de bain et serviettes de plage). Un nettoyage r\u00e9gulier de la villa de vacances au moins trois fois par semaine est inclus.<\/p>\n<\/div><\/div><\/div><div class=\"w-hwrapper align_none valign_top\"><div class=\"w-text us_custom_92d7e6b4 has_text_color icon_atleft\"><span class=\"w-text-h\"><i class=\"fas fa-check-circle\"><\/i><span class=\"w-text-value\"><\/span><\/span><\/div><div class=\"wpb_text_column\"><div class=\"wpb_wrapper\"><p>Les frais d&rsquo;\u00e9lectricit\u00e9 sont factur\u00e9s en fonction de la consommation (compteur \u00e9lectrique).<\/p>\n<\/div><\/div><\/div><\/div><\/div><\/div><\/div><\/div><\/section><section class=\"l-section wpb_row us_custom_c70c97eb height_auto width_full\"><div class=\"l-section-h i-cf\"><div class=\"g-cols vc_row via_grid cols_1 laptops-cols_inherit tablets-cols_inherit mobiles-cols_1 valign_top type_default stacking_default\"><div class=\"wpb_column vc_column_container\"><div class=\"vc_column-inner\"><section class=\"l-section wpb_row us_custom_4af741be height_auto width_full with_img\"><div class=\"l-section-img\" data-img-width=\"1600\" data-img-height=\"1200\" style=\"background-image: url(https:\/\/amazingsamuivilla.com\/wp-content\/uploads\/2022\/02\/Pool1-1.jpg);background-repeat: no-repeat;\"><\/div><div class=\"l-section-overlay\" style=\"background:var(--color-alt-content-overlay)\"><\/div><div class=\"l-section-h i-cf\"><div class=\"g-cols vc_row via_grid cols_1 laptops-cols_inherit tablets-cols_inherit mobiles-cols_1 valign_top type_default stacking_default\"><div class=\"wpb_column vc_column_container stretched\"><div class=\"vc_column-inner\"><div class=\"w-vwrapper us_custom_c09fb767 align_center valign_top\"><h1 class=\"w-text\"><span class=\"w-text-h\"><span class=\"w-text-value\">Samui Villa<\/span><\/span><\/h1><div class=\"w-image align_none\"><div class=\"w-image-h\"><img loading=\"lazy\" decoding=\"async\" width=\"150\" height=\"34\" src=\"https:\/\/amazingsamuivilla.com\/wp-content\/uploads\/2022\/02\/divider.png\" class=\"attachment-large size-large\" alt=\"\" \/><\/div><\/div><div class=\"w-text\"><span class=\"w-text-h\"><span class=\"w-text-value\">N&rsquo;h\u00e9sitez pas \u00e0 nous contacter si vous avez besoin de plus d&rsquo;informations<\/span><\/span><\/div><div class=\"w-btn-wrapper align_none\"><a class=\"w-btn us-btn-style_3\" href=\"\/kontakt\/\"><span class=\"w-btn-label\">Contactez Nous<\/span><\/a><\/div><\/div><\/div><\/div><\/div><\/div><\/section>\n<section class=\"l-section wpb_row us_custom_4af741be height_auto width_full\"><div class=\"l-section-h i-cf\"><div class=\"g-cols vc_row via_grid cols_1 laptops-cols_inherit tablets-cols_inherit mobiles-cols_1 valign_top type_default stacking_default\"><div class=\"wpb_column vc_column_container\"><div class=\"vc_column-inner\"><div class=\"w-map provider_osm\" id=\"us_map_1\"><div class=\"w-map-inner\"><div class=\"w-map-json\" onclick='return {&quot;address&quot;:&quot;9.588699028037095,100.07165992097566&quot;,&quot;disableDragging&quot;:0,&quot;disableZoom&quot;:0,&quot;hideControls&quot;:0,&quot;zoom&quot;:11,&quot;markers&quot;:[{&quot;address&quot;:&quot;9.588699028037095,100.07165992097566&quot;,&quot;html&quot;:&quot;&quot;,&quot;infowindow&quot;:0}],&quot;style&quot;:&quot;https:\\\/\\\/server.arcgisonline.com\\\/ArcGIS\\\/rest\\\/services\\\/World_Imagery\\\/MapServer\\\/tile\\\/{z}\\\/{y}\\\/{x}&quot;}'><\/div><\/div><\/div><\/div><\/div><\/div><\/div><\/section>\n<\/div><\/div><\/div><\/div><\/section>\n","protected":false},"excerpt":{"rendered":"Les prix sont par nuit pour 2 personnes et varient entre 110 \u20ac en basse saison et 225 \u20ac en haute saison. Pour chaque adulte suppl\u00e9mentaire, une somme de 20\u20ac\/nuit serait ajout\u00e9e, et 15\u20ac\/nuit pour chaque enfant (jusqu&rsquo;\u00e0 16 ans). S\u00e9jour minimum 3 nuits. Le nettoyage final co\u00fbte 80 Euros par s\u00e9jour. Pas de f\u00eates,...","protected":false},"author":1,"featured_media":1139,"parent":0,"menu_order":0,"comment_status":"closed","ping_status":"closed","template":"","meta":{"footnotes":""},"class_list":["post-1547","page","type-page","status-publish","has-post-thumbnail","hentry"],"yoast_head":"<!-- This site is optimized with the Yoast SEO plugin v22.4 - https:\/\/yoast.com\/wordpress\/plugins\/seo\/ -->\n<title>Prix - Samui Villa<\/title>\n<meta name=\"robots\" content=\"index, follow, max-snippet:-1, max-image-preview:large, max-video-preview:-1\" \/>\n<link rel=\"canonical\" href=\"https:\/\/amazingsamuivilla.com\/fr\/prix\/\" \/>\n<meta property=\"og:locale\" content=\"fr_FR\" \/>\n<meta property=\"og:type\" content=\"article\" \/>\n<meta property=\"og:title\" content=\"Prix - Samui Villa\" \/>\n<meta property=\"og:url\" content=\"https:\/\/amazingsamuivilla.com\/fr\/prix\/\" \/>\n<meta property=\"og:site_name\" content=\"Samui Villa\" \/>\n<meta property=\"article:modified_time\" content=\"2022-03-18T10:07:43+00:00\" \/>\n<meta property=\"og:image\" content=\"https:\/\/amazingsamuivilla.com\/wp-content\/uploads\/2022\/02\/IMG_2117.jpg\" \/>\n\t<meta property=\"og:image:width\" content=\"1920\" \/>\n\t<meta property=\"og:image:height\" content=\"1280\" \/>\n\t<meta property=\"og:image:type\" content=\"image\/jpeg\" \/>\n<meta name=\"twitter:card\" content=\"summary_large_image\" \/>\n<meta name=\"twitter:label1\" content=\"Dur\u00e9e de lecture estim\u00e9e\" \/>\n\t<meta name=\"twitter:data1\" content=\"2 minutes\" \/>\n<script type=\"application\/ld+json\" class=\"yoast-schema-graph\">{\"@context\":\"https:\/\/schema.org\",\"@graph\":[{\"@type\":\"WebPage\",\"@id\":\"https:\/\/amazingsamuivilla.com\/fr\/prix\/\",\"url\":\"https:\/\/amazingsamuivilla.com\/fr\/prix\/\",\"name\":\"Prix - Samui Villa\",\"isPartOf\":{\"@id\":\"https:\/\/amazingsamuivilla.com\/fr\/#website\"},\"primaryImageOfPage\":{\"@id\":\"https:\/\/amazingsamuivilla.com\/fr\/prix\/#primaryimage\"},\"image\":{\"@id\":\"https:\/\/amazingsamuivilla.com\/fr\/prix\/#primaryimage\"},\"thumbnailUrl\":\"https:\/\/amazingsamuivilla.com\/wp-content\/uploads\/2022\/02\/IMG_2117.jpg\",\"datePublished\":\"2022-02-14T08:25:02+00:00\",\"dateModified\":\"2022-03-18T10:07:43+00:00\",\"breadcrumb\":{\"@id\":\"https:\/\/amazingsamuivilla.com\/fr\/prix\/#breadcrumb\"},\"inLanguage\":\"fr-FR\",\"potentialAction\":[{\"@type\":\"ReadAction\",\"target\":[\"https:\/\/amazingsamuivilla.com\/fr\/prix\/\"]}]},{\"@type\":\"ImageObject\",\"inLanguage\":\"fr-FR\",\"@id\":\"https:\/\/amazingsamuivilla.com\/fr\/prix\/#primaryimage\",\"url\":\"https:\/\/amazingsamuivilla.com\/wp-content\/uploads\/2022\/02\/IMG_2117.jpg\",\"contentUrl\":\"https:\/\/amazingsamuivilla.com\/wp-content\/uploads\/2022\/02\/IMG_2117.jpg\",\"width\":1920,\"height\":1280},{\"@type\":\"BreadcrumbList\",\"@id\":\"https:\/\/amazingsamuivilla.com\/fr\/prix\/#breadcrumb\",\"itemListElement\":[{\"@type\":\"ListItem\",\"position\":1,\"name\":\"Startseite\",\"item\":\"https:\/\/amazingsamuivilla.com\/fr\/\"},{\"@type\":\"ListItem\",\"position\":2,\"name\":\"Prix\"}]},{\"@type\":\"WebSite\",\"@id\":\"https:\/\/amazingsamuivilla.com\/fr\/#website\",\"url\":\"https:\/\/amazingsamuivilla.com\/fr\/\",\"name\":\"Samui Villa\",\"description\":\"Eine weitere WordPress-Website\",\"potentialAction\":[{\"@type\":\"SearchAction\",\"target\":{\"@type\":\"EntryPoint\",\"urlTemplate\":\"https:\/\/amazingsamuivilla.com\/fr\/?s={search_term_string}\"},\"query-input\":\"required name=search_term_string\"}],\"inLanguage\":\"fr-FR\"}]}<\/script>\n<!-- \/ Yoast SEO plugin. -->","yoast_head_json":{"title":"Prix - Samui Villa","robots":{"index":"index","follow":"follow","max-snippet":"max-snippet:-1","max-image-preview":"max-image-preview:large","max-video-preview":"max-video-preview:-1"},"canonical":"https:\/\/amazingsamuivilla.com\/fr\/prix\/","og_locale":"fr_FR","og_type":"article","og_title":"Prix - Samui Villa","og_url":"https:\/\/amazingsamuivilla.com\/fr\/prix\/","og_site_name":"Samui Villa","article_modified_time":"2022-03-18T10:07:43+00:00","og_image":[{"width":1920,"height":1280,"url":"https:\/\/amazingsamuivilla.com\/wp-content\/uploads\/2022\/02\/IMG_2117.jpg","type":"image\/jpeg"}],"twitter_card":"summary_large_image","twitter_misc":{"Dur\u00e9e de lecture estim\u00e9e":"2 minutes"},"schema":{"@context":"https:\/\/schema.org","@graph":[{"@type":"WebPage","@id":"https:\/\/amazingsamuivilla.com\/fr\/prix\/","url":"https:\/\/amazingsamuivilla.com\/fr\/prix\/","name":"Prix - Samui Villa","isPartOf":{"@id":"https:\/\/amazingsamuivilla.com\/fr\/#website"},"primaryImageOfPage":{"@id":"https:\/\/amazingsamuivilla.com\/fr\/prix\/#primaryimage"},"image":{"@id":"https:\/\/amazingsamuivilla.com\/fr\/prix\/#primaryimage"},"thumbnailUrl":"https:\/\/amazingsamuivilla.com\/wp-content\/uploads\/2022\/02\/IMG_2117.jpg","datePublished":"2022-02-14T08:25:02+00:00","dateModified":"2022-03-18T10:07:43+00:00","breadcrumb":{"@id":"https:\/\/amazingsamuivilla.com\/fr\/prix\/#breadcrumb"},"inLanguage":"fr-FR","potentialAction":[{"@type":"ReadAction","target":["https:\/\/amazingsamuivilla.com\/fr\/prix\/"]}]},{"@type":"ImageObject","inLanguage":"fr-FR","@id":"https:\/\/amazingsamuivilla.com\/fr\/prix\/#primaryimage","url":"https:\/\/amazingsamuivilla.com\/wp-content\/uploads\/2022\/02\/IMG_2117.jpg","contentUrl":"https:\/\/amazingsamuivilla.com\/wp-content\/uploads\/2022\/02\/IMG_2117.jpg","width":1920,"height":1280},{"@type":"BreadcrumbList","@id":"https:\/\/amazingsamuivilla.com\/fr\/prix\/#breadcrumb","itemListElement":[{"@type":"ListItem","position":1,"name":"Startseite","item":"https:\/\/amazingsamuivilla.com\/fr\/"},{"@type":"ListItem","position":2,"name":"Prix"}]},{"@type":"WebSite","@id":"https:\/\/amazingsamuivilla.com\/fr\/#website","url":"https:\/\/amazingsamuivilla.com\/fr\/","name":"Samui Villa","description":"Eine weitere WordPress-Website","potentialAction":[{"@type":"SearchAction","target":{"@type":"EntryPoint","urlTemplate":"https:\/\/amazingsamuivilla.com\/fr\/?s={search_term_string}"},"query-input":"required name=search_term_string"}],"inLanguage":"fr-FR"}]}},"_links":{"self":[{"href":"https:\/\/amazingsamuivilla.com\/fr\/wp-json\/wp\/v2\/pages\/1547","targetHints":{"allow":["GET"]}}],"collection":[{"href":"https:\/\/amazingsamuivilla.com\/fr\/wp-json\/wp\/v2\/pages"}],"about":[{"href":"https:\/\/amazingsamuivilla.com\/fr\/wp-json\/wp\/v2\/types\/page"}],"author":[{"embeddable":true,"href":"https:\/\/amazingsamuivilla.com\/fr\/wp-json\/wp\/v2\/users\/1"}],"replies":[{"embeddable":true,"href":"https:\/\/amazingsamuivilla.com\/fr\/wp-json\/wp\/v2\/comments?post=1547"}],"version-history":[{"count":2,"href":"https:\/\/amazingsamuivilla.com\/fr\/wp-json\/wp\/v2\/pages\/1547\/revisions"}],"predecessor-version":[{"id":1549,"href":"https:\/\/amazingsamuivilla.com\/fr\/wp-json\/wp\/v2\/pages\/1547\/revisions\/1549"}],"wp:featuredmedia":[{"embeddable":true,"href":"https:\/\/amazingsamuivilla.com\/fr\/wp-json\/wp\/v2\/media\/1139"}],"wp:attachment":[{"href":"https:\/\/amazingsamuivilla.com\/fr\/wp-json\/wp\/v2\/media?parent=1547"}],"curies":[{"name":"wp","href":"https:\/\/api.w.org\/{rel}","templated":true}]}}