{"id":1520,"date":"2022-02-14T09:22:20","date_gmt":"2022-02-14T08:22:20","guid":{"rendered":"https:\/\/amazingsamuivilla.com\/excursions\/"},"modified":"2022-06-06T11:06:02","modified_gmt":"2022-06-06T09:06:02","slug":"excursions","status":"publish","type":"page","link":"https:\/\/amazingsamuivilla.com\/fr\/excursions\/","title":{"rendered":"Excursions"},"content":{"rendered":"<section class=\"l-section wpb_row us_custom_5c5e7a40 height_medium\"><div class=\"l-section-h i-cf\"><div class=\"g-cols vc_row via_grid cols_1 laptops-cols_inherit tablets-cols_inherit mobiles-cols_1 valign_top type_default stacking_default\"><div class=\"wpb_column vc_column_container\"><div class=\"vc_column-inner\"><div class=\"w-hwrapper align_center valign_middle\"><div class=\"wpb_text_column us_custom_c92c757e\"><div class=\"wpb_wrapper\"><p style=\"text-align: center;\">Le nombre de choses \u00e0 faire et \u00e0 voir de Koh Samui est vari\u00e9 et int\u00e9ressant: l&rsquo;\u00eele accueille de nombreuses et splendides p\u00f4les d&rsquo;attractions naturelles et artificielles Pour ceux qui s&rsquo;int\u00e9ressent \u00e0 l&rsquo;imagerie religieuse et \u00e0 l&rsquo;architecture, le Grand Bouddha les impressionnera &#8211; surtout au coucher du soleil. Les amoureux de la nature peuvent visiter le parc national marin d&rsquo;Ang Thong lors d&rsquo;une excursion d&rsquo;une journ\u00e9e pour avoir cette v\u00e9ritable sensation d&rsquo;\u00e9vasion dans les splendides \u00eeles tropicales qu&rsquo;il abrite. D\u00e9couvrez les 10 meilleures choses \u00e0 faire \u00e0 Koh Samui ci-dessous, elle repr\u00e9sentes les p\u00f4les d&rsquo;attraction incontournables de l&rsquo;\u00eele &#8230;<\/p>\n<\/div><\/div><\/div><\/div><\/div><\/div><\/div><\/section><section class=\"l-section wpb_row height_medium with_img parallax_ver\"><div class=\"l-section-img\" data-img-width=\"1920\" data-img-height=\"1440\" style=\"background-image: url(https:\/\/amazingsamuivilla.com\/wp-content\/uploads\/2022\/02\/sunset-1.jpg);background-repeat: no-repeat;\"><\/div><div class=\"l-section-overlay\" style=\"background:rgba(0,0,0,0.75)\"><\/div><div class=\"l-section-h i-cf\"><div class=\"g-cols vc_row via_grid cols_2 laptops-cols_inherit tablets-cols_inherit mobiles-cols_1 valign_top type_default stacking_default\"><div class=\"wpb_column vc_column_container\"><div class=\"vc_column-inner\"><div class=\"w-vwrapper align_none valign_top\" style=\"--vwrapper-gap:3rem\"><div class=\"w-hwrapper us_custom_fc746094 align_none valign_middle\"><div class=\"w-text us_custom_ad1c3f4b has_text_color icon_atleft\"><span class=\"w-text-h\"><i class=\"far fa-hiking\"><\/i><span class=\"w-text-value\"><\/span><\/span><\/div><div class=\"w-text us_custom_9ad16fb4 has_text_color\"><span class=\"w-text-h\"><span class=\"w-text-value\">Une excursion d&rsquo;une journ\u00e9e au parc national marin d&rsquo;Angthong pour faire de la plong\u00e9e et du kayak.<\/span><\/span><\/div><\/div><div class=\"w-hwrapper us_custom_fc746094 align_none valign_middle\"><div class=\"w-text us_custom_ad1c3f4b has_text_color icon_atleft\"><span class=\"w-text-h\"><i class=\"far fa-mountain\"><\/i><span class=\"w-text-value\"><\/span><\/span><\/div><div class=\"w-text us_custom_9ad16fb4 has_text_color\"><span class=\"w-text-h\"><span class=\"w-text-value\">Tour et visite du Rainforest au Secret Buddha Garden avec Canopy Adventures<\/span><\/span><\/div><\/div><div class=\"w-hwrapper us_custom_fc746094 align_none valign_middle\"><div class=\"w-text us_custom_ad1c3f4b has_text_color icon_atleft\"><span class=\"w-text-h\"><i class=\"far fa-fish\"><\/i><span class=\"w-text-value\"><\/span><\/span><\/div><div class=\"w-text us_custom_9ad16fb4 has_text_color\"><span class=\"w-text-h\"><span class=\"w-text-value\">Excursion d&rsquo;une journ\u00e9e compl\u00e8te, jeux de p\u00eache et plong\u00e9e en apn\u00e9e autour de l&rsquo;\u00eele sont au rendez-vous.<\/span><\/span><\/div><\/div><div class=\"w-hwrapper us_custom_fc746094 align_none valign_middle\"><div class=\"w-text us_custom_ad1c3f4b has_text_color icon_atleft\"><span class=\"w-text-h\"><i class=\"far fa-moon-stars\"><\/i><span class=\"w-text-value\"><\/span><\/span><\/div><div class=\"w-text us_custom_9ad16fb4 has_text_color\"><span class=\"w-text-h\"><span class=\"w-text-value\">Full Moon Party \u00e0 l&rsquo;\u00eele de Koh Phangan.<\/span><\/span><\/div><\/div><div class=\"w-hwrapper us_custom_fc746094 align_none valign_middle\"><div class=\"w-text us_custom_ad1c3f4b has_text_color icon_atleft\"><span class=\"w-text-h\"><i class=\"far fa-island-tropical\"><\/i><span class=\"w-text-value\"><\/span><\/span><\/div><div class=\"w-text us_custom_9ad16fb4 has_text_color\"><span class=\"w-text-h\"><span class=\"w-text-value\">Excursion d&rsquo;une journ\u00e9e compl\u00e8te \u00e0 l&rsquo;\u00eele de Nangyuang pour la plong\u00e9e avec tuba<\/span><\/span><\/div><\/div><\/div><\/div><\/div><div class=\"wpb_column vc_column_container\"><div class=\"vc_column-inner\"><div class=\"w-vwrapper align_none valign_top\" style=\"--vwrapper-gap:3rem\"><div class=\"w-hwrapper us_custom_fc746094 align_none valign_middle\"><div class=\"w-text us_custom_ad1c3f4b has_text_color icon_atleft\"><span class=\"w-text-h\"><i class=\"far fa-elephant\"><\/i><span class=\"w-text-value\"><\/span><\/span><\/div><div class=\"w-text us_custom_9ad16fb4 has_text_color\"><span class=\"w-text-h\"><span class=\"w-text-value\">Safari en montagne avec trekking \u00e0 dos d&rsquo;\u00e9l\u00e9phant vers la c\u00e9l\u00e8bre cascade de Na Muang<\/span><\/span><\/div><\/div><div class=\"w-hwrapper us_custom_fc746094 align_none valign_middle\"><div class=\"w-text us_custom_ad1c3f4b has_text_color icon_atleft\"><span class=\"w-text-h\"><i class=\"far fa-house-flood\"><\/i><span class=\"w-text-value\"><\/span><\/span><\/div><div class=\"w-text us_custom_9ad16fb4 has_text_color\"><span class=\"w-text-h\"><span class=\"w-text-value\">Visite du march\u00e9 du Village de p\u00eacheurs \u00e0 Bophut.<\/span><\/span><\/div><\/div><div class=\"w-hwrapper us_custom_fc746094 align_none valign_middle\"><div class=\"w-text us_custom_ad1c3f4b has_text_color icon_atleft\"><span class=\"w-text-h\"><i class=\"far fa-microphone-stand\"><\/i><span class=\"w-text-value\"><\/span><\/span><\/div><div class=\"w-text us_custom_9ad16fb4 has_text_color\"><span class=\"w-text-h\"><span class=\"w-text-value\">Spectacle cabaret des Ladyboys \u00e0 Chaweng.<\/span><\/span><\/div><\/div><div class=\"w-hwrapper us_custom_fc746094 align_none valign_middle\"><div class=\"w-text us_custom_ad1c3f4b has_text_color icon_atleft\"><span class=\"w-text-h\"><i class=\"far fa-hat-chef\"><\/i><span class=\"w-text-value\"><\/span><\/span><\/div><div class=\"w-text us_custom_9ad16fb4 has_text_color\"><span class=\"w-text-h\"><span class=\"w-text-value\">Cours de cuisine tha\u00eflandaise \u00e0 l&rsquo;Institut Samui des arts culinaires tha\u00eflandais SITCA.<\/span><\/span><\/div><\/div><div class=\"w-hwrapper us_custom_fc746094 align_none valign_middle\"><div class=\"w-text us_custom_ad1c3f4b has_text_color icon_atleft\"><span class=\"w-text-h\"><i class=\"far fa-vihara\"><\/i><span class=\"w-text-value\"><\/span><\/span><\/div><div class=\"w-text us_custom_9ad16fb4 has_text_color\"><span class=\"w-text-h\"><span class=\"w-text-value\">Visite du Temple du Grand Bouddha et du Wat Plai Laem<\/span><\/span><\/div><\/div><\/div><\/div><\/div><\/div><\/div><\/section><section class=\"l-section wpb_row height_auto width_full\"><div class=\"l-section-h i-cf\"><div class=\"g-cols vc_row via_grid cols_1 laptops-cols_inherit tablets-cols_inherit mobiles-cols_1 valign_top type_default stacking_default\"><div class=\"wpb_column vc_column_container\"><div class=\"vc_column-inner\"><section class=\"l-section wpb_row us_custom_4af741be height_auto width_full with_img\"><div class=\"l-section-img\" data-img-width=\"1600\" data-img-height=\"1200\" style=\"background-image: url(https:\/\/amazingsamuivilla.com\/wp-content\/uploads\/2022\/02\/Pool1-1.jpg);background-repeat: no-repeat;\"><\/div><div class=\"l-section-overlay\" style=\"background:var(--color-alt-content-overlay)\"><\/div><div class=\"l-section-h i-cf\"><div class=\"g-cols vc_row via_grid cols_1 laptops-cols_inherit tablets-cols_inherit mobiles-cols_1 valign_top type_default stacking_default\"><div class=\"wpb_column vc_column_container stretched\"><div class=\"vc_column-inner\"><div class=\"w-vwrapper us_custom_c09fb767 align_center valign_top\"><h1 class=\"w-text\"><span class=\"w-text-h\"><span class=\"w-text-value\">Samui Villa<\/span><\/span><\/h1><div class=\"w-image align_none\"><div class=\"w-image-h\"><img loading=\"lazy\" decoding=\"async\" width=\"150\" height=\"34\" src=\"https:\/\/amazingsamuivilla.com\/wp-content\/uploads\/2022\/02\/divider.png\" class=\"attachment-large size-large\" alt=\"\" \/><\/div><\/div><div class=\"w-text\"><span class=\"w-text-h\"><span class=\"w-text-value\">N&rsquo;h\u00e9sitez pas \u00e0 nous contacter si vous avez besoin de plus d&rsquo;informations<\/span><\/span><\/div><div class=\"w-btn-wrapper align_none\"><a class=\"w-btn us-btn-style_3\" href=\"\/kontakt\/\"><span class=\"w-btn-label\">Contactez Nous<\/span><\/a><\/div><\/div><\/div><\/div><\/div><\/div><\/section>\n<section class=\"l-section wpb_row us_custom_4af741be height_auto width_full\"><div class=\"l-section-h i-cf\"><div class=\"g-cols vc_row via_grid cols_1 laptops-cols_inherit tablets-cols_inherit mobiles-cols_1 valign_top type_default stacking_default\"><div class=\"wpb_column vc_column_container\"><div class=\"vc_column-inner\"><div class=\"w-map provider_osm\" id=\"us_map_1\"><div class=\"w-map-inner\"><div class=\"w-map-json\" onclick='return {&quot;address&quot;:&quot;9.588699028037095,100.07165992097566&quot;,&quot;disableDragging&quot;:0,&quot;disableZoom&quot;:0,&quot;hideControls&quot;:0,&quot;zoom&quot;:11,&quot;markers&quot;:[{&quot;address&quot;:&quot;9.588699028037095,100.07165992097566&quot;,&quot;html&quot;:&quot;&quot;,&quot;infowindow&quot;:0}],&quot;style&quot;:&quot;https:\\\/\\\/server.arcgisonline.com\\\/ArcGIS\\\/rest\\\/services\\\/World_Imagery\\\/MapServer\\\/tile\\\/{z}\\\/{y}\\\/{x}&quot;}'><\/div><\/div><\/div><\/div><\/div><\/div><\/div><\/section>\n<\/div><\/div><\/div><\/div><\/section>\n","protected":false},"excerpt":{"rendered":"Le nombre de choses \u00e0 faire et \u00e0 voir de Koh Samui est vari\u00e9 et int\u00e9ressant: l&rsquo;\u00eele accueille de nombreuses et splendides p\u00f4les d&rsquo;attractions naturelles et artificielles Pour ceux qui s&rsquo;int\u00e9ressent \u00e0 l&rsquo;imagerie religieuse et \u00e0 l&rsquo;architecture, le Grand Bouddha les impressionnera &#8211; surtout au coucher du soleil. Les amoureux de la nature peuvent visiter...","protected":false},"author":1,"featured_media":1239,"parent":0,"menu_order":0,"comment_status":"closed","ping_status":"closed","template":"","meta":{"footnotes":""},"class_list":["post-1520","page","type-page","status-publish","has-post-thumbnail","hentry"],"yoast_head":"<!-- This site is optimized with the Yoast SEO plugin v22.4 - https:\/\/yoast.com\/wordpress\/plugins\/seo\/ -->\n<title>Excursions - Samui Villa<\/title>\n<meta name=\"robots\" content=\"index, follow, max-snippet:-1, max-image-preview:large, max-video-preview:-1\" \/>\n<link rel=\"canonical\" href=\"https:\/\/amazingsamuivilla.com\/fr\/excursions\/\" \/>\n<meta property=\"og:locale\" content=\"fr_FR\" \/>\n<meta property=\"og:type\" content=\"article\" \/>\n<meta property=\"og:title\" content=\"Excursions - Samui Villa\" \/>\n<meta property=\"og:url\" content=\"https:\/\/amazingsamuivilla.com\/fr\/excursions\/\" \/>\n<meta property=\"og:site_name\" content=\"Samui Villa\" \/>\n<meta property=\"article:modified_time\" content=\"2022-06-06T09:06:02+00:00\" \/>\n<meta property=\"og:image\" content=\"https:\/\/amazingsamuivilla.com\/wp-content\/uploads\/2022\/02\/View-from-West-4-1.jpg\" \/>\n\t<meta property=\"og:image:width\" content=\"1920\" \/>\n\t<meta property=\"og:image:height\" content=\"1441\" \/>\n\t<meta property=\"og:image:type\" content=\"image\/jpeg\" \/>\n<meta name=\"twitter:card\" content=\"summary_large_image\" \/>\n<meta name=\"twitter:label1\" content=\"Dur\u00e9e de lecture estim\u00e9e\" \/>\n\t<meta name=\"twitter:data1\" content=\"7 minutes\" \/>\n<script type=\"application\/ld+json\" class=\"yoast-schema-graph\">{\"@context\":\"https:\/\/schema.org\",\"@graph\":[{\"@type\":\"WebPage\",\"@id\":\"https:\/\/amazingsamuivilla.com\/fr\/excursions\/\",\"url\":\"https:\/\/amazingsamuivilla.com\/fr\/excursions\/\",\"name\":\"Excursions - Samui Villa\",\"isPartOf\":{\"@id\":\"https:\/\/amazingsamuivilla.com\/fr\/#website\"},\"primaryImageOfPage\":{\"@id\":\"https:\/\/amazingsamuivilla.com\/fr\/excursions\/#primaryimage\"},\"image\":{\"@id\":\"https:\/\/amazingsamuivilla.com\/fr\/excursions\/#primaryimage\"},\"thumbnailUrl\":\"https:\/\/amazingsamuivilla.com\/wp-content\/uploads\/2022\/02\/View-from-West-4-1.jpg\",\"datePublished\":\"2022-02-14T08:22:20+00:00\",\"dateModified\":\"2022-06-06T09:06:02+00:00\",\"breadcrumb\":{\"@id\":\"https:\/\/amazingsamuivilla.com\/fr\/excursions\/#breadcrumb\"},\"inLanguage\":\"fr-FR\",\"potentialAction\":[{\"@type\":\"ReadAction\",\"target\":[\"https:\/\/amazingsamuivilla.com\/fr\/excursions\/\"]}]},{\"@type\":\"ImageObject\",\"inLanguage\":\"fr-FR\",\"@id\":\"https:\/\/amazingsamuivilla.com\/fr\/excursions\/#primaryimage\",\"url\":\"https:\/\/amazingsamuivilla.com\/wp-content\/uploads\/2022\/02\/View-from-West-4-1.jpg\",\"contentUrl\":\"https:\/\/amazingsamuivilla.com\/wp-content\/uploads\/2022\/02\/View-from-West-4-1.jpg\",\"width\":1920,\"height\":1441,\"caption\":\"DCIM100MEDIADJI_0012.JPG\"},{\"@type\":\"BreadcrumbList\",\"@id\":\"https:\/\/amazingsamuivilla.com\/fr\/excursions\/#breadcrumb\",\"itemListElement\":[{\"@type\":\"ListItem\",\"position\":1,\"name\":\"Startseite\",\"item\":\"https:\/\/amazingsamuivilla.com\/fr\/\"},{\"@type\":\"ListItem\",\"position\":2,\"name\":\"Excursions\"}]},{\"@type\":\"WebSite\",\"@id\":\"https:\/\/amazingsamuivilla.com\/fr\/#website\",\"url\":\"https:\/\/amazingsamuivilla.com\/fr\/\",\"name\":\"Samui Villa\",\"description\":\"Eine weitere WordPress-Website\",\"potentialAction\":[{\"@type\":\"SearchAction\",\"target\":{\"@type\":\"EntryPoint\",\"urlTemplate\":\"https:\/\/amazingsamuivilla.com\/fr\/?s={search_term_string}\"},\"query-input\":\"required name=search_term_string\"}],\"inLanguage\":\"fr-FR\"}]}<\/script>\n<!-- \/ Yoast SEO plugin. -->","yoast_head_json":{"title":"Excursions - Samui Villa","robots":{"index":"index","follow":"follow","max-snippet":"max-snippet:-1","max-image-preview":"max-image-preview:large","max-video-preview":"max-video-preview:-1"},"canonical":"https:\/\/amazingsamuivilla.com\/fr\/excursions\/","og_locale":"fr_FR","og_type":"article","og_title":"Excursions - Samui Villa","og_url":"https:\/\/amazingsamuivilla.com\/fr\/excursions\/","og_site_name":"Samui Villa","article_modified_time":"2022-06-06T09:06:02+00:00","og_image":[{"width":1920,"height":1441,"url":"https:\/\/amazingsamuivilla.com\/wp-content\/uploads\/2022\/02\/View-from-West-4-1.jpg","type":"image\/jpeg"}],"twitter_card":"summary_large_image","twitter_misc":{"Dur\u00e9e de lecture estim\u00e9e":"7 minutes"},"schema":{"@context":"https:\/\/schema.org","@graph":[{"@type":"WebPage","@id":"https:\/\/amazingsamuivilla.com\/fr\/excursions\/","url":"https:\/\/amazingsamuivilla.com\/fr\/excursions\/","name":"Excursions - Samui Villa","isPartOf":{"@id":"https:\/\/amazingsamuivilla.com\/fr\/#website"},"primaryImageOfPage":{"@id":"https:\/\/amazingsamuivilla.com\/fr\/excursions\/#primaryimage"},"image":{"@id":"https:\/\/amazingsamuivilla.com\/fr\/excursions\/#primaryimage"},"thumbnailUrl":"https:\/\/amazingsamuivilla.com\/wp-content\/uploads\/2022\/02\/View-from-West-4-1.jpg","datePublished":"2022-02-14T08:22:20+00:00","dateModified":"2022-06-06T09:06:02+00:00","breadcrumb":{"@id":"https:\/\/amazingsamuivilla.com\/fr\/excursions\/#breadcrumb"},"inLanguage":"fr-FR","potentialAction":[{"@type":"ReadAction","target":["https:\/\/amazingsamuivilla.com\/fr\/excursions\/"]}]},{"@type":"ImageObject","inLanguage":"fr-FR","@id":"https:\/\/amazingsamuivilla.com\/fr\/excursions\/#primaryimage","url":"https:\/\/amazingsamuivilla.com\/wp-content\/uploads\/2022\/02\/View-from-West-4-1.jpg","contentUrl":"https:\/\/amazingsamuivilla.com\/wp-content\/uploads\/2022\/02\/View-from-West-4-1.jpg","width":1920,"height":1441,"caption":"DCIM100MEDIADJI_0012.JPG"},{"@type":"BreadcrumbList","@id":"https:\/\/amazingsamuivilla.com\/fr\/excursions\/#breadcrumb","itemListElement":[{"@type":"ListItem","position":1,"name":"Startseite","item":"https:\/\/amazingsamuivilla.com\/fr\/"},{"@type":"ListItem","position":2,"name":"Excursions"}]},{"@type":"WebSite","@id":"https:\/\/amazingsamuivilla.com\/fr\/#website","url":"https:\/\/amazingsamuivilla.com\/fr\/","name":"Samui Villa","description":"Eine weitere WordPress-Website","potentialAction":[{"@type":"SearchAction","target":{"@type":"EntryPoint","urlTemplate":"https:\/\/amazingsamuivilla.com\/fr\/?s={search_term_string}"},"query-input":"required name=search_term_string"}],"inLanguage":"fr-FR"}]}},"_links":{"self":[{"href":"https:\/\/amazingsamuivilla.com\/fr\/wp-json\/wp\/v2\/pages\/1520","targetHints":{"allow":["GET"]}}],"collection":[{"href":"https:\/\/amazingsamuivilla.com\/fr\/wp-json\/wp\/v2\/pages"}],"about":[{"href":"https:\/\/amazingsamuivilla.com\/fr\/wp-json\/wp\/v2\/types\/page"}],"author":[{"embeddable":true,"href":"https:\/\/amazingsamuivilla.com\/fr\/wp-json\/wp\/v2\/users\/1"}],"replies":[{"embeddable":true,"href":"https:\/\/amazingsamuivilla.com\/fr\/wp-json\/wp\/v2\/comments?post=1520"}],"version-history":[{"count":7,"href":"https:\/\/amazingsamuivilla.com\/fr\/wp-json\/wp\/v2\/pages\/1520\/revisions"}],"predecessor-version":[{"id":1834,"href":"https:\/\/amazingsamuivilla.com\/fr\/wp-json\/wp\/v2\/pages\/1520\/revisions\/1834"}],"wp:featuredmedia":[{"embeddable":true,"href":"https:\/\/amazingsamuivilla.com\/fr\/wp-json\/wp\/v2\/media\/1239"}],"wp:attachment":[{"href":"https:\/\/amazingsamuivilla.com\/fr\/wp-json\/wp\/v2\/media?parent=1520"}],"curies":[{"name":"wp","href":"https:\/\/api.w.org\/{rel}","templated":true}]}}